{"id":332,"date":"2023-01-30T10:31:09","date_gmt":"2023-01-30T09:31:09","guid":{"rendered":"https:\/\/tinabcreation.com\/?page_id=332"},"modified":"2023-03-05T18:29:26","modified_gmt":"2023-03-05T17:29:26","slug":"cours-de-feutrage-pour-les-grands-et-pour-les-petits","status":"publish","type":"page","link":"https:\/\/tinabcreation.com\/index.php\/cours-de-feutrage-pour-les-grands-et-pour-les-petits\/","title":{"rendered":"Cours et d\u00e9monstrations de feutrage"},"content":{"rendered":"\t\t<div data-elementor-type=\"wp-page\" data-elementor-id=\"332\" class=\"elementor elementor-332\">\n\t\t\t\t\t\t<section class=\"elementor-section elementor-top-section elementor-element elementor-element-4db9405 elementor-section-full_width elementor-section-height-default elementor-section-height-default\" data-id=\"4db9405\" data-element_type=\"section\">\n\t\t\t\t\t\t<div class=\"elementor-container elementor-column-gap-default\">\n\t\t\t\t\t<div class=\"elementor-column elementor-col-100 elementor-top-column elementor-element elementor-element-63c11bf\" data-id=\"63c11bf\" data-element_type=\"column\">\n\t\t\t<div class=\"elementor-widget-wrap elementor-element-populated\">\n\t\t\t\t\t\t<div class=\"elementor-element elementor-element-e677636 elementor-widget elementor-widget-image\" data-id=\"e677636\" data-element_type=\"widget\" data-widget_type=\"image.default\">\n\t\t\t\t<div class=\"elementor-widget-container\">\n\t\t\t\t\t\t\t\t\t\t\t\t\t<img fetchpriority=\"high\" decoding=\"async\" width=\"2048\" height=\"1024\" src=\"https:\/\/tinabcreation.com\/wp-content\/uploads\/2023\/02\/image-5.jpg\" class=\"attachment-full size-full wp-image-1877\" alt=\"\" srcset=\"https:\/\/tinabcreation.com\/wp-content\/uploads\/2023\/02\/image-5.jpg 2048w, https:\/\/tinabcreation.com\/wp-content\/uploads\/2023\/02\/image-5-600x300.jpg 600w, https:\/\/tinabcreation.com\/wp-content\/uploads\/2023\/02\/image-5-300x150.jpg 300w, https:\/\/tinabcreation.com\/wp-content\/uploads\/2023\/02\/image-5-1024x512.jpg 1024w, https:\/\/tinabcreation.com\/wp-content\/uploads\/2023\/02\/image-5-768x384.jpg 768w, https:\/\/tinabcreation.com\/wp-content\/uploads\/2023\/02\/image-5-1536x768.jpg 1536w\" sizes=\"(max-width: 2048px) 100vw, 2048px\" \/>\t\t\t\t\t\t\t\t\t\t\t\t\t<\/div>\n\t\t\t\t<\/div>\n\t\t\t\t\t<\/div>\n\t\t<\/div>\n\t\t\t\t\t<\/div>\n\t\t<\/section>\n\t\t\t\t<section class=\"elementor-section elementor-top-section elementor-element elementor-element-7ca72de elementor-section-boxed elementor-section-height-default elementor-section-height-default\" data-id=\"7ca72de\" data-element_type=\"section\">\n\t\t\t\t\t\t<div class=\"elementor-container elementor-column-gap-default\">\n\t\t\t\t\t<div class=\"elementor-column elementor-col-100 elementor-top-column elementor-element elementor-element-2fd6f5b\" data-id=\"2fd6f5b\" data-element_type=\"column\">\n\t\t\t<div class=\"elementor-widget-wrap elementor-element-populated\">\n\t\t\t\t\t\t<div class=\"elementor-element elementor-element-1ce935a elementor-absolute elementor-widget elementor-widget-heading\" data-id=\"1ce935a\" data-element_type=\"widget\" data-settings=\"{&quot;_position&quot;:&quot;absolute&quot;}\" data-widget_type=\"heading.default\">\n\t\t\t\t<div class=\"elementor-widget-container\">\n\t\t\t<h2 class=\"elementor-heading-title elementor-size-default\">Cours et d\u00e9monstrations de feutrage<\/h2>\t\t<\/div>\n\t\t\t\t<\/div>\n\t\t\t\t\t<\/div>\n\t\t<\/div>\n\t\t\t\t\t<\/div>\n\t\t<\/section>\n\t\t\t\t<section class=\"elementor-section elementor-top-section elementor-element elementor-element-2634484 elementor-section-boxed elementor-section-height-default elementor-section-height-default\" data-id=\"2634484\" data-element_type=\"section\">\n\t\t\t\t\t\t<div class=\"elementor-container elementor-column-gap-default\">\n\t\t\t\t\t<div class=\"elementor-column elementor-col-100 elementor-top-column elementor-element elementor-element-fe4a888\" data-id=\"fe4a888\" data-element_type=\"column\">\n\t\t\t<div class=\"elementor-widget-wrap elementor-element-populated\">\n\t\t\t\t\t\t<div class=\"elementor-element elementor-element-4e298af elementor-widget elementor-widget-heading\" data-id=\"4e298af\" data-element_type=\"widget\" data-widget_type=\"heading.default\">\n\t\t\t\t<div class=\"elementor-widget-container\">\n\t\t\t<h2 class=\"elementor-heading-title elementor-size-default\">Conditions et prix des cours et des d\u00e9monstrations de feutrage<\/h2>\t\t<\/div>\n\t\t\t\t<\/div>\n\t\t\t\t<div class=\"elementor-element elementor-element-581fd7a elementor-widget elementor-widget-text-editor\" data-id=\"581fd7a\" data-element_type=\"widget\" data-widget_type=\"text-editor.default\">\n\t\t\t\t<div class=\"elementor-widget-container\">\n\t\t\t\t\t\t\t<p>Les cours de feutrage sont autoris\u00e9s pour enfants \u00e0 partir de 10 ans. Les enfants plus jeunes doivent \u00eatre accompagn\u00e9s par leurs parents.<\/p><p>Toutes personnes d\u00e9sireuses d&#8217;apprendre le feutrage sont bienvenues.\u00a0<\/p><p>Les d\u00e9monstrations de fabriquer le feutre sont gratuites pour tout le monde !<\/p>\t\t\t\t\t\t<\/div>\n\t\t\t\t<\/div>\n\t\t\t\t\t<\/div>\n\t\t<\/div>\n\t\t\t\t\t<\/div>\n\t\t<\/section>\n\t\t\t\t<section class=\"elementor-section elementor-top-section elementor-element elementor-element-6f6d008 elementor-section-boxed elementor-section-height-default elementor-section-height-default\" data-id=\"6f6d008\" data-element_type=\"section\">\n\t\t\t\t\t\t<div class=\"elementor-container elementor-column-gap-default\">\n\t\t\t\t\t<div class=\"elementor-column elementor-col-100 elementor-top-column elementor-element elementor-element-3ddfa99\" data-id=\"3ddfa99\" data-element_type=\"column\">\n\t\t\t<div class=\"elementor-widget-wrap elementor-element-populated\">\n\t\t\t\t\t\t<section class=\"elementor-section elementor-inner-section elementor-element elementor-element-3e9080a elementor-section-boxed elementor-section-height-default elementor-section-height-default\" data-id=\"3e9080a\" data-element_type=\"section\">\n\t\t\t\t\t\t<div class=\"elementor-container elementor-column-gap-default\">\n\t\t\t\t\t<div class=\"elementor-column elementor-col-50 elementor-inner-column elementor-element elementor-element-33bba8e\" data-id=\"33bba8e\" data-element_type=\"column\">\n\t\t\t<div class=\"elementor-widget-wrap elementor-element-populated\">\n\t\t\t\t\t\t<div class=\"elementor-element elementor-element-abb8ee3 elementor-widget elementor-widget-heading\" data-id=\"abb8ee3\" data-element_type=\"widget\" data-widget_type=\"heading.default\">\n\t\t\t\t<div class=\"elementor-widget-container\">\n\t\t\t<h2 class=\"elementor-heading-title elementor-size-default\">Cours <\/h2>\t\t<\/div>\n\t\t\t\t<\/div>\n\t\t\t\t<div class=\"elementor-element elementor-element-ad47fb6 elementor-widget elementor-widget-image\" data-id=\"ad47fb6\" data-element_type=\"widget\" data-widget_type=\"image.default\">\n\t\t\t\t<div class=\"elementor-widget-container\">\n\t\t\t\t\t\t\t\t\t\t\t\t\t<img decoding=\"async\" width=\"300\" height=\"300\" src=\"https:\/\/tinabcreation.com\/wp-content\/uploads\/2023\/02\/Sans-titre-400-\u00d7-400-px-400-\u00d7-400-px-400-\u00d7-400-px-400-\u00d7-400-px-1-300x300.jpg\" class=\"attachment-medium size-medium wp-image-1524\" alt=\"cours et d\u00e9monstration de feutrage\" srcset=\"https:\/\/tinabcreation.com\/wp-content\/uploads\/2023\/02\/Sans-titre-400-\u00d7-400-px-400-\u00d7-400-px-400-\u00d7-400-px-400-\u00d7-400-px-1-300x300.jpg 300w, https:\/\/tinabcreation.com\/wp-content\/uploads\/2023\/02\/Sans-titre-400-\u00d7-400-px-400-\u00d7-400-px-400-\u00d7-400-px-400-\u00d7-400-px-1-100x100.jpg 100w, https:\/\/tinabcreation.com\/wp-content\/uploads\/2023\/02\/Sans-titre-400-\u00d7-400-px-400-\u00d7-400-px-400-\u00d7-400-px-400-\u00d7-400-px-1-150x150.jpg 150w, https:\/\/tinabcreation.com\/wp-content\/uploads\/2023\/02\/Sans-titre-400-\u00d7-400-px-400-\u00d7-400-px-400-\u00d7-400-px-400-\u00d7-400-px-1.jpg 400w\" sizes=\"(max-width: 300px) 100vw, 300px\" \/>\t\t\t\t\t\t\t\t\t\t\t\t\t<\/div>\n\t\t\t\t<\/div>\n\t\t\t\t<div class=\"elementor-element elementor-element-afda175 elementor-widget elementor-widget-text-editor\" data-id=\"afda175\" data-element_type=\"widget\" data-widget_type=\"text-editor.default\">\n\t\t\t\t<div class=\"elementor-widget-container\">\n\t\t\t\t\t\t\t<p>Vous avez envie d&#8217;apprendre \u00e0 feutrer ou, vous souhaitez fabriquer un cadeau vous-m\u00eame avant une f\u00eate? C&#8217;est possible dans nos cours. Il y a des cours et des d\u00e9monstrations de feutrage.<\/p><p>Alors<a href=\"https:\/\/www.hyeres-tourisme.com\/commerces-et-services\/tina-b-creation\/\"> <strong>contactez Atelier Tina B Creation au (0033) 6 63 26 23 85<\/strong><\/a><\/p><p>Je m&#8217;adapte \u00e0 vos disponibilit\u00e9s:<\/p><ul><li>le w-end et les soir\u00e9es pour les personnes qui travaillent en semaine<\/li><li>Une heure qui vous convient mieux qu&#8217;une autre, je m&#8217;adapte<\/li><li>Je me d\u00e9place \u00e9galement \u00e0 partir de 3 personnes<\/li><\/ul><p>Je vous fournie la mati\u00e8re de base et les outils de travail. Biens\u00fbr, vous pouvez apporter vos objets feutr\u00e9s.<\/p><p>La premi\u00e8re formule est un cours d&#8217; initiation au feutrage. Vous apprenez \u00e0 manipuler des fibres naturelles, de les \u00e9taler, de mes fouler jusqu&#8217;au feutrage d&#8217;un objet simple de votre choix: un bijoux, un centre de table, &#8230;<\/p><p>Prix de <strong>3h de feutrage minimal <\/strong>(n\u00e9cessaire pour un petit objet)<strong> = 70 euros<\/strong><\/p><p>Ensuite, <strong>1h de feutrage = 25 euros<\/strong><\/p><p>1 journ\u00e9e compl\u00e8te <strong>7h de feutrage = 175 euros<\/strong><\/p><p><strong>2 personnes &#8211; 7h de feutrage = 165\u20ac\/personne euros\/personne<\/strong><\/p><p>1 Parrainage = moins 30 % du prix du cours pour la personne qui a parrain\u00e9e<\/p><p><strong>\u00a0<\/strong><\/p><p><strong>En cas de d\u00e9placement, je compte 0.60\u20ac\/km\u00a0<\/strong><\/p>\t\t\t\t\t\t<\/div>\n\t\t\t\t<\/div>\n\t\t\t\t\t<\/div>\n\t\t<\/div>\n\t\t\t\t<div class=\"elementor-column elementor-col-50 elementor-inner-column elementor-element elementor-element-8acd115\" data-id=\"8acd115\" data-element_type=\"column\">\n\t\t\t<div class=\"elementor-widget-wrap elementor-element-populated\">\n\t\t\t\t\t\t<div class=\"elementor-element elementor-element-947d05b elementor-widget elementor-widget-heading\" data-id=\"947d05b\" data-element_type=\"widget\" data-widget_type=\"heading.default\">\n\t\t\t\t<div class=\"elementor-widget-container\">\n\t\t\t<h2 class=\"elementor-heading-title elementor-size-default\">D\u00e9monstrations<\/h2>\t\t<\/div>\n\t\t\t\t<\/div>\n\t\t\t\t<div class=\"elementor-element elementor-element-54abe3a elementor-widget elementor-widget-image\" data-id=\"54abe3a\" data-element_type=\"widget\" data-widget_type=\"image.default\">\n\t\t\t\t<div class=\"elementor-widget-container\">\n\t\t\t\t\t\t\t\t\t\t\t\t\t<img decoding=\"async\" width=\"300\" height=\"300\" src=\"https:\/\/tinabcreation.com\/wp-content\/uploads\/2023\/02\/Fabrication-1-300x300.jpg\" class=\"attachment-medium size-medium wp-image-1064\" alt=\"d\u00e9monstration de feutrage\" srcset=\"https:\/\/tinabcreation.com\/wp-content\/uploads\/2023\/02\/Fabrication-1-300x300.jpg 300w, https:\/\/tinabcreation.com\/wp-content\/uploads\/2023\/02\/Fabrication-1-100x100.jpg 100w, https:\/\/tinabcreation.com\/wp-content\/uploads\/2023\/02\/Fabrication-1-150x150.jpg 150w, https:\/\/tinabcreation.com\/wp-content\/uploads\/2023\/02\/Fabrication-1.jpg 400w\" sizes=\"(max-width: 300px) 100vw, 300px\" \/>\t\t\t\t\t\t\t\t\t\t\t\t\t<\/div>\n\t\t\t\t<\/div>\n\t\t\t\t<div class=\"elementor-element elementor-element-6c2c8b1 elementor-widget elementor-widget-text-editor\" data-id=\"6c2c8b1\" data-element_type=\"widget\" data-widget_type=\"text-editor.default\">\n\t\t\t\t<div class=\"elementor-widget-container\">\n\t\t\t\t\t\t\t<p>Autre que des cours de feutrage,<b> toutes d\u00e9monstrations sont gratuites<\/b>. Elle servent \u00e0 faire conna\u00eetre ce m\u00e9tier d&#8217;art ancestral et de vous montrer tout ce que la nature nous offre quand on la traite avec respect.<\/p><p>Ces d\u00e9monstration peuvent avoir lieu \u00e0 n&#8217;importe quel moment de la journ\u00e9e. Demandez \u00e0 votre arriv\u00e9e dans notre atelier!<\/p><p><strong>Vous partez avec une fleur feutr\u00e9e et, c&#8217;est gratuit.<\/strong><\/p>\t\t\t\t\t\t<\/div>\n\t\t\t\t<\/div>\n\t\t\t\t\t<\/div>\n\t\t<\/div>\n\t\t\t\t\t<\/div>\n\t\t<\/section>\n\t\t\t\t\t<\/div>\n\t\t<\/div>\n\t\t\t\t\t<\/div>\n\t\t<\/section>\n\t\t\t\t<section class=\"elementor-section elementor-top-section elementor-element elementor-element-2e4d554 elementor-section-boxed elementor-section-height-default elementor-section-height-default\" data-id=\"2e4d554\" data-element_type=\"section\">\n\t\t\t\t\t\t<div class=\"elementor-container elementor-column-gap-default\">\n\t\t\t\t\t<div class=\"elementor-column elementor-col-100 elementor-top-column elementor-element elementor-element-fe3d025\" data-id=\"fe3d025\" data-element_type=\"column\">\n\t\t\t<div class=\"elementor-widget-wrap elementor-element-populated\">\n\t\t\t\t\t\t<div class=\"elementor-element elementor-element-a1586b5 elementor-widget elementor-widget-image\" data-id=\"a1586b5\" data-element_type=\"widget\" data-widget_type=\"image.default\">\n\t\t\t\t<div class=\"elementor-widget-container\">\n\t\t\t\t\t\t\t\t\t\t\t\t\t<img loading=\"lazy\" decoding=\"async\" width=\"153\" height=\"121\" src=\"https:\/\/tinabcreation.com\/wp-content\/uploads\/2023\/01\/thumbnail_877B171623D049E0BCBC6ABF41F260CA.png\" class=\"attachment-large size-large wp-image-88\" alt=\"Signe pour les artisans d&#039;art\" \/>\t\t\t\t\t\t\t\t\t\t\t\t\t<\/div>\n\t\t\t\t<\/div>\n\t\t\t\t<div class=\"elementor-element elementor-element-f036f78 elementor-shape-rounded elementor-grid-0 e-grid-align-center elementor-invisible elementor-widget elementor-widget-social-icons\" data-id=\"f036f78\" data-element_type=\"widget\" data-settings=\"{&quot;_animation&quot;:&quot;zoomIn&quot;}\" data-widget_type=\"social-icons.default\">\n\t\t\t\t<div class=\"elementor-widget-container\">\n\t\t\t\t\t<div class=\"elementor-social-icons-wrapper elementor-grid\">\n\t\t\t\t\t\t\t<span class=\"elementor-grid-item\">\n\t\t\t\t\t<a class=\"elementor-icon elementor-social-icon elementor-social-icon-facebook elementor-repeater-item-08c1008\" href=\"https:\/\/www.facebook.com\/tinab.creation\/\" target=\"_blank\">\n\t\t\t\t\t\t<span class=\"elementor-screen-only\">Facebook<\/span>\n\t\t\t\t\t\t<i class=\"fab fa-facebook\"><\/i>\t\t\t\t\t<\/a>\n\t\t\t\t<\/span>\n\t\t\t\t\t\t\t<span class=\"elementor-grid-item\">\n\t\t\t\t\t<a class=\"elementor-icon elementor-social-icon elementor-social-icon-twitter elementor-repeater-item-1b13beb\" href=\"https:\/\/twitter.com\/tina_creation\" target=\"_blank\">\n\t\t\t\t\t\t<span class=\"elementor-screen-only\">Twitter<\/span>\n\t\t\t\t\t\t<i class=\"fab fa-twitter\"><\/i>\t\t\t\t\t<\/a>\n\t\t\t\t<\/span>\n\t\t\t\t\t\t\t<span class=\"elementor-grid-item\">\n\t\t\t\t\t<a class=\"elementor-icon elementor-social-icon elementor-social-icon-linkedin elementor-repeater-item-adfae20\" target=\"_blank\">\n\t\t\t\t\t\t<span class=\"elementor-screen-only\">Linkedin<\/span>\n\t\t\t\t\t\t<i class=\"fab fa-linkedin\"><\/i>\t\t\t\t\t<\/a>\n\t\t\t\t<\/span>\n\t\t\t\t\t\t\t<span class=\"elementor-grid-item\">\n\t\t\t\t\t<a class=\"elementor-icon elementor-social-icon elementor-social-icon-instagram elementor-repeater-item-35dab43\" href=\"https:\/\/www.instagram.com\/tina_b_creation\/\" target=\"_blank\">\n\t\t\t\t\t\t<span class=\"elementor-screen-only\">Instagram<\/span>\n\t\t\t\t\t\t<i class=\"fab fa-instagram\"><\/i>\t\t\t\t\t<\/a>\n\t\t\t\t<\/span>\n\t\t\t\t\t\t\t<span class=\"elementor-grid-item\">\n\t\t\t\t\t<a class=\"elementor-icon elementor-social-icon elementor-social-icon-pinterest elementor-repeater-item-98f76b5\" href=\"https:\/\/www.pinterest.fr\/tinabcreation\/\" target=\"_blank\">\n\t\t\t\t\t\t<span class=\"elementor-screen-only\">Pinterest<\/span>\n\t\t\t\t\t\t<i class=\"fab fa-pinterest\"><\/i>\t\t\t\t\t<\/a>\n\t\t\t\t<\/span>\n\t\t\t\t\t<\/div>\n\t\t\t\t<\/div>\n\t\t\t\t<\/div>\n\t\t\t\t\t<\/div>\n\t\t<\/div>\n\t\t\t\t\t<\/div>\n\t\t<\/section>\n\t\t\t\t<\/div>\n\t\t","protected":false},"excerpt":{"rendered":"<p>Cours et d\u00e9monstrations de feutrage Conditions et prix des cours et des d\u00e9monstrations de feutrage Les cours de feutrage sont autoris\u00e9s pour enfants \u00e0 partir de 10 ans. Les enfants plus jeunes doivent \u00eatre accompagn\u00e9s par leurs parents. Toutes personnes d\u00e9sireuses d&#8217;apprendre le feutrage sont bienvenues.&nbsp; Les d\u00e9monstrations de fabriquer le feutre sont gratuites pour [&hellip;]<\/p>\n","protected":false},"author":1,"featured_media":0,"parent":0,"menu_order":0,"comment_status":"closed","ping_status":"closed","template":"","meta":{"footnotes":""},"class_list":["post-332","page","type-page","status-publish","hentry"],"yoast_head":"<!-- This site is optimized with the Yoast SEO plugin v20.1 - https:\/\/yoast.com\/wordpress\/plugins\/seo\/ -->\n<title>Cours et d\u00e9monstrations de feutrage - Tina B Creation<\/title>\n<meta name=\"description\" content=\"cours et d\u00e9monstration de feutrage: Nous donnons des cours d&#039;initiation et des cours de feutrage avanc\u00e9s. Les d\u00e9monstrations sont gratuites\" \/>\n<meta name=\"robots\" content=\"index, follow, max-snippet:-1, max-image-preview:large, max-video-preview:-1\" \/>\n<link rel=\"canonical\" href=\"https:\/\/tinabcreation.com\/index.php\/cours-de-feutrage-pour-les-grands-et-pour-les-petits\/\" \/>\n<meta property=\"og:locale\" content=\"en_US\" \/>\n<meta property=\"og:type\" content=\"article\" \/>\n<meta property=\"og:title\" content=\"Cours et d\u00e9monstrations de feutrage - Tina B Creation\" \/>\n<meta property=\"og:description\" content=\"cours et d\u00e9monstration de feutrage: Nous donnons des cours d&#039;initiation et des cours de feutrage avanc\u00e9s. Les d\u00e9monstrations sont gratuites\" \/>\n<meta property=\"og:url\" content=\"https:\/\/tinabcreation.com\/index.php\/cours-de-feutrage-pour-les-grands-et-pour-les-petits\/\" \/>\n<meta property=\"og:site_name\" content=\"Tina B Creation\" \/>\n<meta property=\"article:publisher\" content=\"https:\/\/www.facebook.com\/tinab.creation\/yoast\" \/>\n<meta property=\"article:modified_time\" content=\"2023-03-05T17:29:26+00:00\" \/>\n<meta property=\"og:image\" content=\"https:\/\/tinabcreation.com\/wp-content\/uploads\/2023\/02\/image-5.jpg\" \/>\n<meta name=\"twitter:card\" content=\"summary_large_image\" \/>\n<meta name=\"twitter:label1\" content=\"Est. reading time\" \/>\n\t<meta name=\"twitter:data1\" content=\"3 minutes\" \/>\n<script type=\"application\/ld+json\" class=\"yoast-schema-graph\">{\"@context\":\"https:\/\/schema.org\",\"@graph\":[{\"@type\":\"WebPage\",\"@id\":\"https:\/\/tinabcreation.com\/index.php\/cours-de-feutrage-pour-les-grands-et-pour-les-petits\/\",\"url\":\"https:\/\/tinabcreation.com\/index.php\/cours-de-feutrage-pour-les-grands-et-pour-les-petits\/\",\"name\":\"Cours et d\u00e9monstrations de feutrage - Tina B Creation\",\"isPartOf\":{\"@id\":\"https:\/\/tinabcreation.com\/#website\"},\"datePublished\":\"2023-01-30T09:31:09+00:00\",\"dateModified\":\"2023-03-05T17:29:26+00:00\",\"description\":\"cours et d\u00e9monstration de feutrage: Nous donnons des cours d'initiation et des cours de feutrage avanc\u00e9s. Les d\u00e9monstrations sont gratuites\",\"breadcrumb\":{\"@id\":\"https:\/\/tinabcreation.com\/index.php\/cours-de-feutrage-pour-les-grands-et-pour-les-petits\/#breadcrumb\"},\"inLanguage\":\"en-US\",\"potentialAction\":[{\"@type\":\"ReadAction\",\"target\":[\"https:\/\/tinabcreation.com\/index.php\/cours-de-feutrage-pour-les-grands-et-pour-les-petits\/\"]}]},{\"@type\":\"BreadcrumbList\",\"@id\":\"https:\/\/tinabcreation.com\/index.php\/cours-de-feutrage-pour-les-grands-et-pour-les-petits\/#breadcrumb\",\"itemListElement\":[{\"@type\":\"ListItem\",\"position\":1,\"name\":\"Accueil\",\"item\":\"https:\/\/tinabcreation.com\/\"},{\"@type\":\"ListItem\",\"position\":2,\"name\":\"Cours et d\u00e9monstrations de feutrage\"}]},{\"@type\":\"WebSite\",\"@id\":\"https:\/\/tinabcreation.com\/#website\",\"url\":\"https:\/\/tinabcreation.com\/\",\"name\":\"Tina B Creation\",\"description\":\"&quot;La douceur est la pl\u00e9nitude de la force.&quot;\",\"publisher\":{\"@id\":\"https:\/\/tinabcreation.com\/#organization\"},\"potentialAction\":[{\"@type\":\"SearchAction\",\"target\":{\"@type\":\"EntryPoint\",\"urlTemplate\":\"https:\/\/tinabcreation.com\/?s={search_term_string}\"},\"query-input\":\"required name=search_term_string\"}],\"inLanguage\":\"en-US\"},{\"@type\":\"Organization\",\"@id\":\"https:\/\/tinabcreation.com\/#organization\",\"name\":\"Tina B Creation\",\"url\":\"https:\/\/tinabcreation.com\/\",\"logo\":{\"@type\":\"ImageObject\",\"inLanguage\":\"en-US\",\"@id\":\"https:\/\/tinabcreation.com\/#\/schema\/logo\/image\/\",\"url\":\"https:\/\/tinabcreation.com\/wp-content\/uploads\/2023\/01\/cropped-LOGO-1080-\u00d7-1080-px.jpg\",\"contentUrl\":\"https:\/\/tinabcreation.com\/wp-content\/uploads\/2023\/01\/cropped-LOGO-1080-\u00d7-1080-px.jpg\",\"width\":1080,\"height\":1080,\"caption\":\" Tina B Creation\"},\"image\":{\"@id\":\"https:\/\/tinabcreation.com\/#\/schema\/logo\/image\/\"},\"sameAs\":[\"https:\/\/www.facebook.com\/tinab.creation\/yoast\",\"https:\/\/www.linkedin.com\/in\/uchristinabaethge\/yoast\",\"https:\/\/www.pinterest.fr\/tinabcreation\/yoast\"]}]}<\/script>\n<!-- \/ Yoast SEO plugin. -->","yoast_head_json":{"title":"Cours et d\u00e9monstrations de feutrage - Tina B Creation","description":"cours et d\u00e9monstration de feutrage: Nous donnons des cours d'initiation et des cours de feutrage avanc\u00e9s. Les d\u00e9monstrations sont gratuites","robots":{"index":"index","follow":"follow","max-snippet":"max-snippet:-1","max-image-preview":"max-image-preview:large","max-video-preview":"max-video-preview:-1"},"canonical":"https:\/\/tinabcreation.com\/index.php\/cours-de-feutrage-pour-les-grands-et-pour-les-petits\/","og_locale":"en_US","og_type":"article","og_title":"Cours et d\u00e9monstrations de feutrage - Tina B Creation","og_description":"cours et d\u00e9monstration de feutrage: Nous donnons des cours d'initiation et des cours de feutrage avanc\u00e9s. Les d\u00e9monstrations sont gratuites","og_url":"https:\/\/tinabcreation.com\/index.php\/cours-de-feutrage-pour-les-grands-et-pour-les-petits\/","og_site_name":"Tina B Creation","article_publisher":"https:\/\/www.facebook.com\/tinab.creation\/yoast","article_modified_time":"2023-03-05T17:29:26+00:00","og_image":[{"url":"https:\/\/tinabcreation.com\/wp-content\/uploads\/2023\/02\/image-5.jpg"}],"twitter_card":"summary_large_image","twitter_misc":{"Est. reading time":"3 minutes"},"schema":{"@context":"https:\/\/schema.org","@graph":[{"@type":"WebPage","@id":"https:\/\/tinabcreation.com\/index.php\/cours-de-feutrage-pour-les-grands-et-pour-les-petits\/","url":"https:\/\/tinabcreation.com\/index.php\/cours-de-feutrage-pour-les-grands-et-pour-les-petits\/","name":"Cours et d\u00e9monstrations de feutrage - Tina B Creation","isPartOf":{"@id":"https:\/\/tinabcreation.com\/#website"},"datePublished":"2023-01-30T09:31:09+00:00","dateModified":"2023-03-05T17:29:26+00:00","description":"cours et d\u00e9monstration de feutrage: Nous donnons des cours d'initiation et des cours de feutrage avanc\u00e9s. Les d\u00e9monstrations sont gratuites","breadcrumb":{"@id":"https:\/\/tinabcreation.com\/index.php\/cours-de-feutrage-pour-les-grands-et-pour-les-petits\/#breadcrumb"},"inLanguage":"en-US","potentialAction":[{"@type":"ReadAction","target":["https:\/\/tinabcreation.com\/index.php\/cours-de-feutrage-pour-les-grands-et-pour-les-petits\/"]}]},{"@type":"BreadcrumbList","@id":"https:\/\/tinabcreation.com\/index.php\/cours-de-feutrage-pour-les-grands-et-pour-les-petits\/#breadcrumb","itemListElement":[{"@type":"ListItem","position":1,"name":"Accueil","item":"https:\/\/tinabcreation.com\/"},{"@type":"ListItem","position":2,"name":"Cours et d\u00e9monstrations de feutrage"}]},{"@type":"WebSite","@id":"https:\/\/tinabcreation.com\/#website","url":"https:\/\/tinabcreation.com\/","name":"Tina B Creation","description":"&quot;La douceur est la pl\u00e9nitude de la force.&quot;","publisher":{"@id":"https:\/\/tinabcreation.com\/#organization"},"potentialAction":[{"@type":"SearchAction","target":{"@type":"EntryPoint","urlTemplate":"https:\/\/tinabcreation.com\/?s={search_term_string}"},"query-input":"required name=search_term_string"}],"inLanguage":"en-US"},{"@type":"Organization","@id":"https:\/\/tinabcreation.com\/#organization","name":"Tina B Creation","url":"https:\/\/tinabcreation.com\/","logo":{"@type":"ImageObject","inLanguage":"en-US","@id":"https:\/\/tinabcreation.com\/#\/schema\/logo\/image\/","url":"https:\/\/tinabcreation.com\/wp-content\/uploads\/2023\/01\/cropped-LOGO-1080-\u00d7-1080-px.jpg","contentUrl":"https:\/\/tinabcreation.com\/wp-content\/uploads\/2023\/01\/cropped-LOGO-1080-\u00d7-1080-px.jpg","width":1080,"height":1080,"caption":" Tina B Creation"},"image":{"@id":"https:\/\/tinabcreation.com\/#\/schema\/logo\/image\/"},"sameAs":["https:\/\/www.facebook.com\/tinab.creation\/yoast","https:\/\/www.linkedin.com\/in\/uchristinabaethge\/yoast","https:\/\/www.pinterest.fr\/tinabcreation\/yoast"]}]}},"_links":{"self":[{"href":"https:\/\/tinabcreation.com\/index.php\/wp-json\/wp\/v2\/pages\/332","targetHints":{"allow":["GET"]}}],"collection":[{"href":"https:\/\/tinabcreation.com\/index.php\/wp-json\/wp\/v2\/pages"}],"about":[{"href":"https:\/\/tinabcreation.com\/index.php\/wp-json\/wp\/v2\/types\/page"}],"author":[{"embeddable":true,"href":"https:\/\/tinabcreation.com\/index.php\/wp-json\/wp\/v2\/users\/1"}],"replies":[{"embeddable":true,"href":"https:\/\/tinabcreation.com\/index.php\/wp-json\/wp\/v2\/comments?post=332"}],"version-history":[{"count":149,"href":"https:\/\/tinabcreation.com\/index.php\/wp-json\/wp\/v2\/pages\/332\/revisions"}],"predecessor-version":[{"id":2301,"href":"https:\/\/tinabcreation.com\/index.php\/wp-json\/wp\/v2\/pages\/332\/revisions\/2301"}],"wp:attachment":[{"href":"https:\/\/tinabcreation.com\/index.php\/wp-json\/wp\/v2\/media?parent=332"}],"curies":[{"name":"wp","href":"https:\/\/api.w.org\/{rel}","templated":true}]}}