{"id":267,"date":"2023-01-29T20:05:34","date_gmt":"2023-01-29T19:05:34","guid":{"rendered":"https:\/\/tinabcreation.com\/?page_id=267"},"modified":"2023-03-06T22:11:26","modified_gmt":"2023-03-06T21:11:26","slug":"presentation-et-decouverte-des-fibres","status":"publish","type":"page","link":"https:\/\/tinabcreation.com\/index.php\/presentation-et-decouverte-des-fibres\/","title":{"rendered":"Pr\u00e9sentation et D\u00e9couverte"},"content":{"rendered":"\t\t<div data-elementor-type=\"wp-page\" data-elementor-id=\"267\" class=\"elementor elementor-267\">\n\t\t\t\t\t\t<section class=\"elementor-section elementor-top-section elementor-element elementor-element-0bcb549 elementor-section-boxed elementor-section-height-default elementor-section-height-default\" data-id=\"0bcb549\" data-element_type=\"section\">\n\t\t\t\t\t\t<div class=\"elementor-container elementor-column-gap-default\">\n\t\t\t\t\t<div class=\"elementor-column elementor-col-100 elementor-top-column elementor-element elementor-element-8ec9730\" data-id=\"8ec9730\" data-element_type=\"column\">\n\t\t\t<div class=\"elementor-widget-wrap elementor-element-populated\">\n\t\t\t\t\t\t<div class=\"elementor-element elementor-element-2486a1c elementor-widget elementor-widget-spacer\" data-id=\"2486a1c\" data-element_type=\"widget\" data-widget_type=\"spacer.default\">\n\t\t\t\t<div class=\"elementor-widget-container\">\n\t\t\t\t\t<div class=\"elementor-spacer\">\n\t\t\t<div class=\"elementor-spacer-inner\"><\/div>\n\t\t<\/div>\n\t\t\t\t<\/div>\n\t\t\t\t<\/div>\n\t\t\t\t<div class=\"elementor-element elementor-element-0282a51 elementor-widget elementor-widget-heading\" data-id=\"0282a51\" data-element_type=\"widget\" data-widget_type=\"heading.default\">\n\t\t\t\t<div class=\"elementor-widget-container\">\n\t\t\t<h2 class=\"elementor-heading-title elementor-size-default\">Mon parcours professionnel<\/h2>\t\t<\/div>\n\t\t\t\t<\/div>\n\t\t\t\t\t<\/div>\n\t\t<\/div>\n\t\t\t\t\t<\/div>\n\t\t<\/section>\n\t\t\t\t<section class=\"elementor-section elementor-top-section elementor-element elementor-element-1988530 elementor-section-boxed elementor-section-height-default elementor-section-height-default\" data-id=\"1988530\" data-element_type=\"section\">\n\t\t\t\t\t\t\t<div class=\"elementor-background-overlay\"><\/div>\n\t\t\t\t\t\t\t<div class=\"elementor-container elementor-column-gap-default\">\n\t\t\t\t\t<div class=\"elementor-column elementor-col-50 elementor-top-column elementor-element elementor-element-0c4189b\" data-id=\"0c4189b\" data-element_type=\"column\">\n\t\t\t<div class=\"elementor-widget-wrap elementor-element-populated\">\n\t\t\t\t\t\t<div class=\"elementor-element elementor-element-c27c732 elementor-widget elementor-widget-text-editor\" data-id=\"c27c732\" data-element_type=\"widget\" data-widget_type=\"text-editor.default\">\n\t\t\t\t<div class=\"elementor-widget-container\">\n\t\t\t\t\t\t\t<p>Bienvenu dans mon univers de la douceur, des couleurs et des formes \u00e0 l\u2019infini\u00a0!<\/p><p>Je me pr\u00e9sente \u00e0 vous:<\/p><p>D\u2019origine <a href=\"https:\/\/fr.wikipedia.org\/wiki\/R%C3%A9publique_d%C3%A9mocratique_allemande\">Allemande de la Ex-RDA, <\/a>mon chemin m\u2019a amen\u00e9 en 1985 dans le Nord-Est de la France, pr\u00e9cis\u00e9ment dans les Vosges. La situation politique dans les pays de l\u2019Est devenait tr\u00e8s g\u00eanantes pour mon avenir et pour l&#8217;\u00e9volution personnelle et professionnelle. Apr\u00e8s l&#8217;apprentissage de la langue fran\u00e7aise, j&#8217;ai travaill\u00e9 d&#8217;abord dans une petite entreprise fran\u00e7aise d&#8217;import\/export. Biens\u00fbr, il fallait un temps d&#8217;adaptation avant de pouvoir travailler dans ma vraie branche professionnelle.<\/p><p style=\"text-align: center;\">\u00a0<\/p>\t\t\t\t\t\t<\/div>\n\t\t\t\t<\/div>\n\t\t\t\t<div class=\"elementor-element elementor-element-6c889b9 elementor-widget elementor-widget-image\" data-id=\"6c889b9\" data-element_type=\"widget\" data-widget_type=\"image.default\">\n\t\t\t\t<div class=\"elementor-widget-container\">\n\t\t\t\t\t\t\t\t\t\t<figure class=\"wp-caption\">\n\t\t\t\t\t\t\t\t\t\t<img fetchpriority=\"high\" decoding=\"async\" width=\"300\" height=\"300\" src=\"https:\/\/tinabcreation.com\/wp-content\/uploads\/2023\/02\/Sans-titre-400-\u00d7-400-px-1-300x300.jpg\" class=\"attachment-medium size-medium wp-image-1176\" alt=\"Sous-marin - recherche sous-marine IFREMER Pr\u00e9sentation et d\u00e9couverte des fibres\" srcset=\"https:\/\/tinabcreation.com\/wp-content\/uploads\/2023\/02\/Sans-titre-400-\u00d7-400-px-1-300x300.jpg 300w, https:\/\/tinabcreation.com\/wp-content\/uploads\/2023\/02\/Sans-titre-400-\u00d7-400-px-1-100x100.jpg 100w, https:\/\/tinabcreation.com\/wp-content\/uploads\/2023\/02\/Sans-titre-400-\u00d7-400-px-1-150x150.jpg 150w, https:\/\/tinabcreation.com\/wp-content\/uploads\/2023\/02\/Sans-titre-400-\u00d7-400-px-1.jpg 400w\" sizes=\"(max-width: 300px) 100vw, 300px\" \/>\t\t\t\t\t\t\t\t\t\t\t<figcaption class=\"widget-image-caption wp-caption-text\">Hyperbariste et plongeur Classe II Mention B<\/figcaption>\n\t\t\t\t\t\t\t\t\t\t<\/figure>\n\t\t\t\t\t\t\t<\/div>\n\t\t\t\t<\/div>\n\t\t\t\t\t<\/div>\n\t\t<\/div>\n\t\t\t\t<div class=\"elementor-column elementor-col-50 elementor-top-column elementor-element elementor-element-f4c9912\" data-id=\"f4c9912\" data-element_type=\"column\">\n\t\t\t<div class=\"elementor-widget-wrap elementor-element-populated\">\n\t\t\t\t\t\t<div class=\"elementor-element elementor-element-abb8ed1 elementor-widget elementor-widget-text-editor\" data-id=\"abb8ed1\" data-element_type=\"widget\" data-widget_type=\"text-editor.default\">\n\t\t\t\t<div class=\"elementor-widget-container\">\n\t\t\t\t\t\t\t<p>Mes domaines professionnels \u00e9taient plut\u00f4t scientifiques (\u00e9tudes de m\u00e9decine, commercialisation et tests de dispositifs param\u00e9dicaux palliatifs et chirurgicaux, recherche sous-marine\u2026).<\/p><p>Mon parcours \u00e9tait atypique.\u00a0 Apr\u00e8s une carri\u00e8re riche et pluridisciplinaire en France, j\u2019ai du prendre des d\u00e9cisions importantes. Suite \u00e0 un accident de travail handicapant, il fallait rebondir.<\/p><p>J&#8217;\u00e9tais motiv\u00e9e par la protection de l\u2019environnement et par la cr\u00e9ation.\u00a0 Mes futures fabrications devaient \u00eatre biod\u00e9gradables,\u00a0 fabriqu\u00e9es manuellement\u00a0 et sans utilisation de produits chimiques nuisibles.\u00a0<\/p><p>A partir de\u00a0 2012, pendant ma convalescence, je passais par des p\u00e9riodes de d\u00e9couvertes et de tests de diff\u00e9rentes mati\u00e8res jusqu\u2019\u00e0 la composition microscopique des structures (poiles\/fibres\/laine) animales et v\u00e9g\u00e9tales.<\/p><p><a href=\"https:\/\/laboratoires.biogroup.fr\/var\/hyeres\/9-rue-du-docteur-roux-seignoret?utm_source=Yext&amp;utm_medium=GMB\">Un laboratoire biom\u00e9dical dans le Var<\/a> me permettait de me servir de leurs microscopes. Je testais certaines fibres sous-marines si elles \u00e9taient \u00e9galement utilisables pour le feutrage<\/p><p>Finalement, j&#8217;\u00e9tais tr\u00e8s attir\u00e9e par le fait qu\u2019il \u00e9tait possible de fabriquer manuellement des objets\u00a0 \u00e0 partir de certaines fibres sans couture ni d\u00e9coupe. Il faillait seulement mettre en application des proc\u00e9d\u00e9s dont la nature se sert depuis toujours.<\/p>\t\t\t\t\t\t<\/div>\n\t\t\t\t<\/div>\n\t\t\t\t\t<\/div>\n\t\t<\/div>\n\t\t\t\t\t<\/div>\n\t\t<\/section>\n\t\t\t\t<section class=\"elementor-section elementor-top-section elementor-element elementor-element-4c950aa elementor-section-boxed elementor-section-height-default elementor-section-height-default\" data-id=\"4c950aa\" data-element_type=\"section\">\n\t\t\t\t\t\t<div class=\"elementor-container elementor-column-gap-default\">\n\t\t\t\t\t<div class=\"elementor-column elementor-col-100 elementor-top-column elementor-element elementor-element-9504b26\" data-id=\"9504b26\" data-element_type=\"column\">\n\t\t\t<div class=\"elementor-widget-wrap elementor-element-populated\">\n\t\t\t\t\t\t<div class=\"elementor-element elementor-element-f89083a elementor-widget__width-inherit elementor-widget elementor-widget-heading\" data-id=\"f89083a\" data-element_type=\"widget\" data-widget_type=\"heading.default\">\n\t\t\t\t<div class=\"elementor-widget-container\">\n\t\t\t<h2 class=\"elementor-heading-title elementor-size-default\">Formation - Fabrication du feutre artisanal<\/h2>\t\t<\/div>\n\t\t\t\t<\/div>\n\t\t\t\t\t<\/div>\n\t\t<\/div>\n\t\t\t\t\t<\/div>\n\t\t<\/section>\n\t\t\t\t<section class=\"elementor-section elementor-top-section elementor-element elementor-element-9b14121 elementor-section-boxed elementor-section-height-default elementor-section-height-default\" data-id=\"9b14121\" data-element_type=\"section\">\n\t\t\t\t\t\t\t<div class=\"elementor-background-overlay\"><\/div>\n\t\t\t\t\t\t\t<div class=\"elementor-container elementor-column-gap-default\">\n\t\t\t\t\t<div class=\"elementor-column elementor-col-50 elementor-top-column elementor-element elementor-element-214cd8a\" data-id=\"214cd8a\" data-element_type=\"column\">\n\t\t\t<div class=\"elementor-widget-wrap elementor-element-populated\">\n\t\t\t\t\t\t<div class=\"elementor-element elementor-element-9096189 elementor-widget elementor-widget-image\" data-id=\"9096189\" data-element_type=\"widget\" data-widget_type=\"image.default\">\n\t\t\t\t<div class=\"elementor-widget-container\">\n\t\t\t\t\t\t\t\t\t\t<figure class=\"wp-caption\">\n\t\t\t\t\t\t\t\t\t\t<img decoding=\"async\" width=\"300\" height=\"225\" src=\"https:\/\/tinabcreation.com\/wp-content\/uploads\/2023\/01\/20200912_232543-300x225.jpg\" class=\"attachment-medium size-medium wp-image-100\" alt=\"Atelier Tina B Creation Pr\u00e9sentation et d\u00e9couverte des fibres\" srcset=\"https:\/\/tinabcreation.com\/wp-content\/uploads\/2023\/01\/20200912_232543-300x225.jpg 300w, https:\/\/tinabcreation.com\/wp-content\/uploads\/2023\/01\/20200912_232543.jpg 600w\" sizes=\"(max-width: 300px) 100vw, 300px\" \/>\t\t\t\t\t\t\t\t\t\t\t<figcaption class=\"widget-image-caption wp-caption-text\">Atelier Tina B Creation Hy\u00e8res<\/figcaption>\n\t\t\t\t\t\t\t\t\t\t<\/figure>\n\t\t\t\t\t\t\t<\/div>\n\t\t\t\t<\/div>\n\t\t\t\t\t<\/div>\n\t\t<\/div>\n\t\t\t\t<div class=\"elementor-column elementor-col-50 elementor-top-column elementor-element elementor-element-cad8178\" data-id=\"cad8178\" data-element_type=\"column\">\n\t\t\t<div class=\"elementor-widget-wrap elementor-element-populated\">\n\t\t\t\t\t\t<div class=\"elementor-element elementor-element-2dafb9a elementor-widget elementor-widget-text-editor\" data-id=\"2dafb9a\" data-element_type=\"widget\" data-widget_type=\"text-editor.default\">\n\t\t\t\t<div class=\"elementor-widget-container\">\n\t\t\t\t\t\t\t<p>En 2016, j\u2019ai demand\u00e9 une formation en tant que feutri\u00e8re dans le Sud-Ouest de la France. C\u2019est aupr\u00e8s<a href=\"http:\/\/www.museeduchapeau.com\/annelie-petitqueux.html\"> Madame Annelie Petitqueux , sp\u00e9cialiste en formation \u00ab<\/a> feutre de laine \u00bb \u00e0 <a href=\"https:\/\/fr.wikipedia.org\/wiki\/Aux-Aussat\">Aux-Aussat dans le Gers<\/a> que j\u2019ai appris ce beau m\u00e9tier ancestral. Nous sommes aujourd&#8217;hui une centaines de feutri\u00e8res professionnelles en France.<\/p><p>Depuis le 14 mars 2017 jusqu&#8217;\u00e0 aujourd&#8217;hui, j\u2019occupe un <a href=\"https:\/\/www.hyeres-tourisme.com\/commerces-et-services\/tina-b-creation\/\">atelier professionnel de feutrage sur le Parcours des Arts \u00e0 Hy\u00e8res<\/a> dans le Var et depuis 2020, j\u2019ai re\u00e7u le titre \u00ab <a href=\"https:\/\/bpifrance-creation.fr\/activites-reglementees\/artisan-dart#:~:text=L'artisan%20d'art%20est,mais%20d'une%20reconnaissance%20professionnelle.\">Artisan d\u2019Arts<\/a> \u00bb de la chambre des m\u00e9tiers .<\/p>\t\t\t\t\t\t<\/div>\n\t\t\t\t<\/div>\n\t\t\t\t\t<\/div>\n\t\t<\/div>\n\t\t\t\t\t<\/div>\n\t\t<\/section>\n\t\t\t\t<section class=\"elementor-section elementor-top-section elementor-element elementor-element-c547fc4 elementor-section-boxed elementor-section-height-default elementor-section-height-default\" data-id=\"c547fc4\" data-element_type=\"section\">\n\t\t\t\t\t\t<div class=\"elementor-container elementor-column-gap-default\">\n\t\t\t\t\t<div class=\"elementor-column elementor-col-100 elementor-top-column elementor-element elementor-element-add939a\" data-id=\"add939a\" data-element_type=\"column\">\n\t\t\t<div class=\"elementor-widget-wrap elementor-element-populated\">\n\t\t\t\t\t\t<div class=\"elementor-element elementor-element-c122a8c elementor-widget elementor-widget-spacer\" data-id=\"c122a8c\" data-element_type=\"widget\" data-widget_type=\"spacer.default\">\n\t\t\t\t<div class=\"elementor-widget-container\">\n\t\t\t\t\t<div class=\"elementor-spacer\">\n\t\t\t<div class=\"elementor-spacer-inner\"><\/div>\n\t\t<\/div>\n\t\t\t\t<\/div>\n\t\t\t\t<\/div>\n\t\t\t\t<div class=\"elementor-element elementor-element-0f2af02 elementor-widget elementor-widget-image\" data-id=\"0f2af02\" data-element_type=\"widget\" data-widget_type=\"image.default\">\n\t\t\t\t<div class=\"elementor-widget-container\">\n\t\t\t\t\t\t\t\t\t\t\t\t\t<img decoding=\"async\" width=\"150\" height=\"121\" src=\"https:\/\/tinabcreation.com\/wp-content\/uploads\/2023\/01\/thumbnail_877B171623D049E0BCBC6ABF41F260CA-150x121.png\" class=\"attachment-thumbnail size-thumbnail wp-image-88\" alt=\"Signe pour les artisans d&#039;art\" \/>\t\t\t\t\t\t\t\t\t\t\t\t\t<\/div>\n\t\t\t\t<\/div>\n\t\t\t\t<div class=\"elementor-element elementor-element-a96f4a4 elementor-shape-rounded elementor-grid-0 e-grid-align-center elementor-invisible elementor-widget elementor-widget-social-icons\" data-id=\"a96f4a4\" data-element_type=\"widget\" data-settings=\"{&quot;_animation&quot;:&quot;zoomIn&quot;}\" data-widget_type=\"social-icons.default\">\n\t\t\t\t<div class=\"elementor-widget-container\">\n\t\t\t\t\t<div class=\"elementor-social-icons-wrapper elementor-grid\">\n\t\t\t\t\t\t\t<span class=\"elementor-grid-item\">\n\t\t\t\t\t<a class=\"elementor-icon elementor-social-icon elementor-social-icon-facebook elementor-repeater-item-08c1008\" href=\"https:\/\/www.facebook.com\/tinab.creation\/\" target=\"_blank\">\n\t\t\t\t\t\t<span class=\"elementor-screen-only\">Facebook<\/span>\n\t\t\t\t\t\t<i class=\"fab fa-facebook\"><\/i>\t\t\t\t\t<\/a>\n\t\t\t\t<\/span>\n\t\t\t\t\t\t\t<span class=\"elementor-grid-item\">\n\t\t\t\t\t<a class=\"elementor-icon elementor-social-icon elementor-social-icon-twitter elementor-repeater-item-1b13beb\" href=\"https:\/\/twitter.com\/tina_creation\" target=\"_blank\">\n\t\t\t\t\t\t<span class=\"elementor-screen-only\">Twitter<\/span>\n\t\t\t\t\t\t<i class=\"fab fa-twitter\"><\/i>\t\t\t\t\t<\/a>\n\t\t\t\t<\/span>\n\t\t\t\t\t\t\t<span class=\"elementor-grid-item\">\n\t\t\t\t\t<a class=\"elementor-icon elementor-social-icon elementor-social-icon-linkedin elementor-repeater-item-adfae20\" target=\"_blank\">\n\t\t\t\t\t\t<span class=\"elementor-screen-only\">Linkedin<\/span>\n\t\t\t\t\t\t<i class=\"fab fa-linkedin\"><\/i>\t\t\t\t\t<\/a>\n\t\t\t\t<\/span>\n\t\t\t\t\t\t\t<span class=\"elementor-grid-item\">\n\t\t\t\t\t<a class=\"elementor-icon elementor-social-icon elementor-social-icon-instagram elementor-repeater-item-35dab43\" href=\"https:\/\/www.instagram.com\/tina_b_creation\/\" target=\"_blank\">\n\t\t\t\t\t\t<span class=\"elementor-screen-only\">Instagram<\/span>\n\t\t\t\t\t\t<i class=\"fab fa-instagram\"><\/i>\t\t\t\t\t<\/a>\n\t\t\t\t<\/span>\n\t\t\t\t\t\t\t<span class=\"elementor-grid-item\">\n\t\t\t\t\t<a class=\"elementor-icon elementor-social-icon elementor-social-icon-pinterest elementor-repeater-item-98f76b5\" href=\"https:\/\/www.pinterest.fr\/tinabcreation\/\" target=\"_blank\">\n\t\t\t\t\t\t<span class=\"elementor-screen-only\">Pinterest<\/span>\n\t\t\t\t\t\t<i class=\"fab fa-pinterest\"><\/i>\t\t\t\t\t<\/a>\n\t\t\t\t<\/span>\n\t\t\t\t\t<\/div>\n\t\t\t\t<\/div>\n\t\t\t\t<\/div>\n\t\t\t\t\t<\/div>\n\t\t<\/div>\n\t\t\t\t\t<\/div>\n\t\t<\/section>\n\t\t\t\t<\/div>\n\t\t","protected":false},"excerpt":{"rendered":"<p>Mon parcours professionnel Bienvenu dans mon univers de la douceur, des couleurs et des formes \u00e0 l\u2019infini&nbsp;! Je me pr\u00e9sente \u00e0 vous: D\u2019origine Allemande de la Ex-RDA, mon chemin m\u2019a amen\u00e9 en 1985 dans le Nord-Est de la France, pr\u00e9cis\u00e9ment dans les Vosges. La situation politique dans les pays de l\u2019Est devenait tr\u00e8s g\u00eanantes pour [&hellip;]<\/p>\n","protected":false},"author":1,"featured_media":0,"parent":0,"menu_order":0,"comment_status":"closed","ping_status":"closed","template":"","meta":{"footnotes":""},"class_list":["post-267","page","type-page","status-publish","hentry"],"yoast_head":"<!-- This site is optimized with the Yoast SEO plugin v20.1 - https:\/\/yoast.com\/wordpress\/plugins\/seo\/ -->\n<title>Pr\u00e9sentation et d\u00e9couverte des fibres - Tina B Creation<\/title>\n<meta name=\"description\" content=\"Pr\u00e9sentation et d\u00e9couverte des fibres. Comment j&#039;ai d\u00e9couvert les fibres naturelles de laine et le feutrage, un apprentissage avec la nature.\" \/>\n<meta name=\"robots\" content=\"index, follow, max-snippet:-1, max-image-preview:large, max-video-preview:-1\" \/>\n<link rel=\"canonical\" href=\"https:\/\/tinabcreation.com\/index.php\/presentation-et-decouverte-des-fibres\/\" \/>\n<meta property=\"og:locale\" content=\"en_US\" \/>\n<meta property=\"og:type\" content=\"article\" \/>\n<meta property=\"og:title\" content=\"Pr\u00e9sentation et d\u00e9couverte des fibres - Tina B Creation\" \/>\n<meta property=\"og:description\" content=\"Pr\u00e9sentation et d\u00e9couverte des fibres. Comment j&#039;ai d\u00e9couvert les fibres naturelles de laine et le feutrage, un apprentissage avec la nature.\" \/>\n<meta property=\"og:url\" content=\"https:\/\/tinabcreation.com\/index.php\/presentation-et-decouverte-des-fibres\/\" \/>\n<meta property=\"og:site_name\" content=\"Tina B Creation\" \/>\n<meta property=\"article:publisher\" content=\"https:\/\/www.facebook.com\/tinab.creation\/yoast\" \/>\n<meta property=\"article:modified_time\" content=\"2023-03-06T21:11:26+00:00\" \/>\n<meta property=\"og:image\" content=\"https:\/\/tinabcreation.com\/wp-content\/uploads\/2023\/01\/20200912_232543-300x225.jpg\" \/>\n<meta name=\"twitter:card\" content=\"summary_large_image\" \/>\n<meta name=\"twitter:label1\" content=\"Est. reading time\" \/>\n\t<meta name=\"twitter:data1\" content=\"3 minutes\" \/>\n<script type=\"application\/ld+json\" class=\"yoast-schema-graph\">{\"@context\":\"https:\/\/schema.org\",\"@graph\":[{\"@type\":\"WebPage\",\"@id\":\"https:\/\/tinabcreation.com\/index.php\/presentation-et-decouverte-des-fibres\/\",\"url\":\"https:\/\/tinabcreation.com\/index.php\/presentation-et-decouverte-des-fibres\/\",\"name\":\"Pr\u00e9sentation et d\u00e9couverte des fibres - Tina B Creation\",\"isPartOf\":{\"@id\":\"https:\/\/tinabcreation.com\/#website\"},\"datePublished\":\"2023-01-29T19:05:34+00:00\",\"dateModified\":\"2023-03-06T21:11:26+00:00\",\"description\":\"Pr\u00e9sentation et d\u00e9couverte des fibres. Comment j'ai d\u00e9couvert les fibres naturelles de laine et le feutrage, un apprentissage avec la nature.\",\"breadcrumb\":{\"@id\":\"https:\/\/tinabcreation.com\/index.php\/presentation-et-decouverte-des-fibres\/#breadcrumb\"},\"inLanguage\":\"en-US\",\"potentialAction\":[{\"@type\":\"ReadAction\",\"target\":[\"https:\/\/tinabcreation.com\/index.php\/presentation-et-decouverte-des-fibres\/\"]}]},{\"@type\":\"BreadcrumbList\",\"@id\":\"https:\/\/tinabcreation.com\/index.php\/presentation-et-decouverte-des-fibres\/#breadcrumb\",\"itemListElement\":[{\"@type\":\"ListItem\",\"position\":1,\"name\":\"Accueil\",\"item\":\"https:\/\/tinabcreation.com\/\"},{\"@type\":\"ListItem\",\"position\":2,\"name\":\"Pr\u00e9sentation et D\u00e9couverte\"}]},{\"@type\":\"WebSite\",\"@id\":\"https:\/\/tinabcreation.com\/#website\",\"url\":\"https:\/\/tinabcreation.com\/\",\"name\":\"Tina B Creation\",\"description\":\"&quot;La douceur est la pl\u00e9nitude de la force.&quot;\",\"publisher\":{\"@id\":\"https:\/\/tinabcreation.com\/#organization\"},\"potentialAction\":[{\"@type\":\"SearchAction\",\"target\":{\"@type\":\"EntryPoint\",\"urlTemplate\":\"https:\/\/tinabcreation.com\/?s={search_term_string}\"},\"query-input\":\"required name=search_term_string\"}],\"inLanguage\":\"en-US\"},{\"@type\":\"Organization\",\"@id\":\"https:\/\/tinabcreation.com\/#organization\",\"name\":\"Tina B Creation\",\"url\":\"https:\/\/tinabcreation.com\/\",\"logo\":{\"@type\":\"ImageObject\",\"inLanguage\":\"en-US\",\"@id\":\"https:\/\/tinabcreation.com\/#\/schema\/logo\/image\/\",\"url\":\"https:\/\/tinabcreation.com\/wp-content\/uploads\/2023\/01\/cropped-LOGO-1080-\u00d7-1080-px.jpg\",\"contentUrl\":\"https:\/\/tinabcreation.com\/wp-content\/uploads\/2023\/01\/cropped-LOGO-1080-\u00d7-1080-px.jpg\",\"width\":1080,\"height\":1080,\"caption\":\" Tina B Creation\"},\"image\":{\"@id\":\"https:\/\/tinabcreation.com\/#\/schema\/logo\/image\/\"},\"sameAs\":[\"https:\/\/www.facebook.com\/tinab.creation\/yoast\",\"https:\/\/www.linkedin.com\/in\/uchristinabaethge\/yoast\",\"https:\/\/www.pinterest.fr\/tinabcreation\/yoast\"]}]}<\/script>\n<!-- \/ Yoast SEO plugin. -->","yoast_head_json":{"title":"Pr\u00e9sentation et d\u00e9couverte des fibres - Tina B Creation","description":"Pr\u00e9sentation et d\u00e9couverte des fibres. Comment j'ai d\u00e9couvert les fibres naturelles de laine et le feutrage, un apprentissage avec la nature.","robots":{"index":"index","follow":"follow","max-snippet":"max-snippet:-1","max-image-preview":"max-image-preview:large","max-video-preview":"max-video-preview:-1"},"canonical":"https:\/\/tinabcreation.com\/index.php\/presentation-et-decouverte-des-fibres\/","og_locale":"en_US","og_type":"article","og_title":"Pr\u00e9sentation et d\u00e9couverte des fibres - Tina B Creation","og_description":"Pr\u00e9sentation et d\u00e9couverte des fibres. Comment j'ai d\u00e9couvert les fibres naturelles de laine et le feutrage, un apprentissage avec la nature.","og_url":"https:\/\/tinabcreation.com\/index.php\/presentation-et-decouverte-des-fibres\/","og_site_name":"Tina B Creation","article_publisher":"https:\/\/www.facebook.com\/tinab.creation\/yoast","article_modified_time":"2023-03-06T21:11:26+00:00","og_image":[{"url":"https:\/\/tinabcreation.com\/wp-content\/uploads\/2023\/01\/20200912_232543-300x225.jpg"}],"twitter_card":"summary_large_image","twitter_misc":{"Est. reading time":"3 minutes"},"schema":{"@context":"https:\/\/schema.org","@graph":[{"@type":"WebPage","@id":"https:\/\/tinabcreation.com\/index.php\/presentation-et-decouverte-des-fibres\/","url":"https:\/\/tinabcreation.com\/index.php\/presentation-et-decouverte-des-fibres\/","name":"Pr\u00e9sentation et d\u00e9couverte des fibres - Tina B Creation","isPartOf":{"@id":"https:\/\/tinabcreation.com\/#website"},"datePublished":"2023-01-29T19:05:34+00:00","dateModified":"2023-03-06T21:11:26+00:00","description":"Pr\u00e9sentation et d\u00e9couverte des fibres. Comment j'ai d\u00e9couvert les fibres naturelles de laine et le feutrage, un apprentissage avec la nature.","breadcrumb":{"@id":"https:\/\/tinabcreation.com\/index.php\/presentation-et-decouverte-des-fibres\/#breadcrumb"},"inLanguage":"en-US","potentialAction":[{"@type":"ReadAction","target":["https:\/\/tinabcreation.com\/index.php\/presentation-et-decouverte-des-fibres\/"]}]},{"@type":"BreadcrumbList","@id":"https:\/\/tinabcreation.com\/index.php\/presentation-et-decouverte-des-fibres\/#breadcrumb","itemListElement":[{"@type":"ListItem","position":1,"name":"Accueil","item":"https:\/\/tinabcreation.com\/"},{"@type":"ListItem","position":2,"name":"Pr\u00e9sentation et D\u00e9couverte"}]},{"@type":"WebSite","@id":"https:\/\/tinabcreation.com\/#website","url":"https:\/\/tinabcreation.com\/","name":"Tina B Creation","description":"&quot;La douceur est la pl\u00e9nitude de la force.&quot;","publisher":{"@id":"https:\/\/tinabcreation.com\/#organization"},"potentialAction":[{"@type":"SearchAction","target":{"@type":"EntryPoint","urlTemplate":"https:\/\/tinabcreation.com\/?s={search_term_string}"},"query-input":"required name=search_term_string"}],"inLanguage":"en-US"},{"@type":"Organization","@id":"https:\/\/tinabcreation.com\/#organization","name":"Tina B Creation","url":"https:\/\/tinabcreation.com\/","logo":{"@type":"ImageObject","inLanguage":"en-US","@id":"https:\/\/tinabcreation.com\/#\/schema\/logo\/image\/","url":"https:\/\/tinabcreation.com\/wp-content\/uploads\/2023\/01\/cropped-LOGO-1080-\u00d7-1080-px.jpg","contentUrl":"https:\/\/tinabcreation.com\/wp-content\/uploads\/2023\/01\/cropped-LOGO-1080-\u00d7-1080-px.jpg","width":1080,"height":1080,"caption":" Tina B Creation"},"image":{"@id":"https:\/\/tinabcreation.com\/#\/schema\/logo\/image\/"},"sameAs":["https:\/\/www.facebook.com\/tinab.creation\/yoast","https:\/\/www.linkedin.com\/in\/uchristinabaethge\/yoast","https:\/\/www.pinterest.fr\/tinabcreation\/yoast"]}]}},"_links":{"self":[{"href":"https:\/\/tinabcreation.com\/index.php\/wp-json\/wp\/v2\/pages\/267","targetHints":{"allow":["GET"]}}],"collection":[{"href":"https:\/\/tinabcreation.com\/index.php\/wp-json\/wp\/v2\/pages"}],"about":[{"href":"https:\/\/tinabcreation.com\/index.php\/wp-json\/wp\/v2\/types\/page"}],"author":[{"embeddable":true,"href":"https:\/\/tinabcreation.com\/index.php\/wp-json\/wp\/v2\/users\/1"}],"replies":[{"embeddable":true,"href":"https:\/\/tinabcreation.com\/index.php\/wp-json\/wp\/v2\/comments?post=267"}],"version-history":[{"count":239,"href":"https:\/\/tinabcreation.com\/index.php\/wp-json\/wp\/v2\/pages\/267\/revisions"}],"predecessor-version":[{"id":2689,"href":"https:\/\/tinabcreation.com\/index.php\/wp-json\/wp\/v2\/pages\/267\/revisions\/2689"}],"wp:attachment":[{"href":"https:\/\/tinabcreation.com\/index.php\/wp-json\/wp\/v2\/media?parent=267"}],"curies":[{"name":"wp","href":"https:\/\/api.w.org\/{rel}","templated":true}]}}