{"id":1137,"date":"2023-02-08T10:23:01","date_gmt":"2023-02-08T09:23:01","guid":{"rendered":"https:\/\/tinabcreation.com\/?page_id=1137"},"modified":"2023-03-05T20:53:51","modified_gmt":"2023-03-05T19:53:51","slug":"contact-et-coordonnees-de-mon-atelier","status":"publish","type":"page","link":"https:\/\/tinabcreation.com\/index.php\/contact-et-coordonnees-de-mon-atelier\/","title":{"rendered":"Contact"},"content":{"rendered":"\t\t<div data-elementor-type=\"wp-page\" data-elementor-id=\"1137\" class=\"elementor elementor-1137\">\n\t\t\t\t\t\t<section class=\"elementor-section elementor-top-section elementor-element elementor-element-87705f5 elementor-section-boxed elementor-section-height-default elementor-section-height-default\" data-id=\"87705f5\" data-element_type=\"section\">\n\t\t\t\t\t\t<div class=\"elementor-container elementor-column-gap-default\">\n\t\t\t\t\t<div class=\"elementor-column elementor-col-100 elementor-top-column elementor-element elementor-element-f7e8fbe\" data-id=\"f7e8fbe\" data-element_type=\"column\">\n\t\t\t<div class=\"elementor-widget-wrap elementor-element-populated\">\n\t\t\t\t\t\t<div class=\"elementor-element elementor-element-7cf5992 elementor-widget elementor-widget-spacer\" data-id=\"7cf5992\" data-element_type=\"widget\" data-widget_type=\"spacer.default\">\n\t\t\t\t<div class=\"elementor-widget-container\">\n\t\t\t\t\t<div class=\"elementor-spacer\">\n\t\t\t<div class=\"elementor-spacer-inner\"><\/div>\n\t\t<\/div>\n\t\t\t\t<\/div>\n\t\t\t\t<\/div>\n\t\t\t\t\t<\/div>\n\t\t<\/div>\n\t\t\t\t\t<\/div>\n\t\t<\/section>\n\t\t\t\t<section class=\"elementor-section elementor-top-section elementor-element elementor-element-4cda852 elementor-section-boxed elementor-section-height-default elementor-section-height-default\" data-id=\"4cda852\" data-element_type=\"section\">\n\t\t\t\t\t\t<div class=\"elementor-container elementor-column-gap-default\">\n\t\t\t\t\t<div class=\"elementor-column elementor-col-50 elementor-top-column elementor-element elementor-element-c043fc9\" data-id=\"c043fc9\" data-element_type=\"column\">\n\t\t\t<div class=\"elementor-widget-wrap elementor-element-populated\">\n\t\t\t\t\t\t<div class=\"elementor-element elementor-element-7fb0ae5 eael-contact-form-7-button-align-left eael-contact-form-7-button-custom elementor-widget elementor-widget-eael-contact-form-7\" data-id=\"7fb0ae5\" data-element_type=\"widget\" data-widget_type=\"eael-contact-form-7.default\">\n\t\t\t\t<div class=\"elementor-widget-container\">\n\t\t\t<div class=\"eael-contact-form-7-wrapper\">\n                <div class=\"eael-contact-form eael-contact-form-7 eael-contact-form-7fb0ae5 placeholder-show eael-contact-form-align-center\">\n<div class=\"wpcf7 no-js\" id=\"wpcf7-f986-o1\" lang=\"fr-FR\" dir=\"ltr\">\n<div class=\"screen-reader-response\"><p role=\"status\" aria-live=\"polite\" aria-atomic=\"true\"><\/p> <ul><\/ul><\/div>\n<form action=\"\/index.php\/wp-json\/wp\/v2\/pages\/1137#wpcf7-f986-o1\" method=\"post\" class=\"wpcf7-form init\" aria-label=\"Formulaire de contact\" novalidate=\"novalidate\" data-status=\"init\">\n<div style=\"display: none;\">\n<input type=\"hidden\" name=\"_wpcf7\" value=\"986\" \/>\n<input type=\"hidden\" name=\"_wpcf7_version\" value=\"5.7.4\" \/>\n<input type=\"hidden\" name=\"_wpcf7_locale\" value=\"fr_FR\" \/>\n<input type=\"hidden\" name=\"_wpcf7_unit_tag\" value=\"wpcf7-f986-o1\" \/>\n<input type=\"hidden\" name=\"_wpcf7_container_post\" value=\"0\" \/>\n<input type=\"hidden\" name=\"_wpcf7_posted_data_hash\" value=\"\" \/>\n<input type=\"hidden\" name=\"_wpcf7_recaptcha_response\" value=\"\" \/>\n<\/div>\n<p><label> Votre nom pr\u00e9nom<br \/>\n<span class=\"wpcf7-form-control-wrap\" data-name=\"your-name\"><input size=\"40\" class=\"wpcf7-form-control wpcf7-text wpcf7-validates-as-required\" autocomplete=\"name\" aria-required=\"true\" aria-invalid=\"false\" value=\"\" type=\"text\" name=\"your-name\" \/><\/span> <\/label>\n<\/p>\n<p><label> Votre e-mail<br \/>\n<span class=\"wpcf7-form-control-wrap\" data-name=\"your-email\"><input size=\"40\" class=\"wpcf7-form-control wpcf7-text wpcf7-email wpcf7-validates-as-required wpcf7-validates-as-email\" autocomplete=\"email\" aria-required=\"true\" aria-invalid=\"false\" value=\"\" type=\"email\" name=\"your-email\" \/><\/span> <\/label>\n<\/p>\n<p><label> Votre t\u00e9l\u00e9phone<br \/>\n<span class=\"wpcf7-form-control-wrap\" data-name=\"your-subject\"><input size=\"40\" class=\"wpcf7-form-control wpcf7-text wpcf7-validates-as-required\" aria-required=\"true\" aria-invalid=\"false\" value=\"\" type=\"text\" name=\"your-subject\" \/><\/span> <\/label>\n<\/p>\n<p><label> Votre message (facultatif)<br \/>\n<span class=\"wpcf7-form-control-wrap\" data-name=\"your-message\"><textarea cols=\"40\" rows=\"10\" class=\"wpcf7-form-control wpcf7-textarea\" aria-invalid=\"false\" name=\"your-message\"><\/textarea><\/span> <\/label>\n<\/p>\n<p><input class=\"wpcf7-form-control has-spinner wpcf7-submit\" type=\"submit\" value=\"Envoyer\" \/>\n<\/p><p style=\"display: none !important;\" class=\"akismet-fields-container\" data-prefix=\"_wpcf7_ak_\"><label>&#916;<textarea name=\"_wpcf7_ak_hp_textarea\" cols=\"45\" rows=\"8\" maxlength=\"100\"><\/textarea><\/label><input type=\"hidden\" id=\"ak_js_1\" name=\"_wpcf7_ak_js\" value=\"29\"\/><script>\ndocument.getElementById( \"ak_js_1\" ).setAttribute( \"value\", ( new Date() ).getTime() );\n<\/script>\n<\/p><input type='hidden' class='wpcf7-pum' value='{\"closepopup\":false,\"closedelay\":0,\"openpopup\":false,\"openpopup_id\":0}' \/><div class=\"wpcf7-response-output\" aria-hidden=\"true\"><\/div>\n<\/form>\n<\/div>\n<\/div>\n            <\/div>\t\t<\/div>\n\t\t\t\t<\/div>\n\t\t\t\t\t<\/div>\n\t\t<\/div>\n\t\t\t\t<div class=\"elementor-column elementor-col-50 elementor-top-column elementor-element elementor-element-8c92712\" data-id=\"8c92712\" data-element_type=\"column\">\n\t\t\t<div class=\"elementor-widget-wrap elementor-element-populated\">\n\t\t\t\t\t\t<div class=\"elementor-element elementor-element-a00868c elementor-widget elementor-widget-image\" data-id=\"a00868c\" data-element_type=\"widget\" data-widget_type=\"image.default\">\n\t\t\t\t<div class=\"elementor-widget-container\">\n\t\t\t\t\t\t\t\t\t\t\t\t\t<img fetchpriority=\"high\" decoding=\"async\" width=\"768\" height=\"768\" src=\"https:\/\/tinabcreation.com\/wp-content\/uploads\/2023\/01\/LOGO-1080-\u00d7-1080-px-1-768x768.jpg\" class=\"attachment-medium_large size-medium_large wp-image-117\" alt=\"Mon Logo, Contact et coordonn\u00e9es de mon atelier\" srcset=\"https:\/\/tinabcreation.com\/wp-content\/uploads\/2023\/01\/LOGO-1080-\u00d7-1080-px-1-768x768.jpg 768w, https:\/\/tinabcreation.com\/wp-content\/uploads\/2023\/01\/LOGO-1080-\u00d7-1080-px-1-300x300.jpg 300w, https:\/\/tinabcreation.com\/wp-content\/uploads\/2023\/01\/LOGO-1080-\u00d7-1080-px-1-100x100.jpg 100w, https:\/\/tinabcreation.com\/wp-content\/uploads\/2023\/01\/LOGO-1080-\u00d7-1080-px-1-600x600.jpg 600w, https:\/\/tinabcreation.com\/wp-content\/uploads\/2023\/01\/LOGO-1080-\u00d7-1080-px-1-1024x1024.jpg 1024w, https:\/\/tinabcreation.com\/wp-content\/uploads\/2023\/01\/LOGO-1080-\u00d7-1080-px-1-150x150.jpg 150w, https:\/\/tinabcreation.com\/wp-content\/uploads\/2023\/01\/LOGO-1080-\u00d7-1080-px-1.jpg 1080w\" sizes=\"(max-width: 768px) 100vw, 768px\" \/>\t\t\t\t\t\t\t\t\t\t\t\t\t<\/div>\n\t\t\t\t<\/div>\n\t\t\t\t\t<\/div>\n\t\t<\/div>\n\t\t\t\t\t<\/div>\n\t\t<\/section>\n\t\t\t\t<section class=\"elementor-section elementor-top-section elementor-element elementor-element-5c62038 elementor-section-boxed elementor-section-height-default elementor-section-height-default\" data-id=\"5c62038\" data-element_type=\"section\">\n\t\t\t\t\t\t<div class=\"elementor-container elementor-column-gap-default\">\n\t\t\t\t\t<div class=\"elementor-column elementor-col-50 elementor-top-column elementor-element elementor-element-a70a94d\" data-id=\"a70a94d\" data-element_type=\"column\">\n\t\t\t<div class=\"elementor-widget-wrap elementor-element-populated\">\n\t\t\t\t\t\t<div class=\"elementor-element elementor-element-a8a75fc elementor-widget elementor-widget-image\" data-id=\"a8a75fc\" data-element_type=\"widget\" data-widget_type=\"image.default\">\n\t\t\t\t<div class=\"elementor-widget-container\">\n\t\t\t\t\t\t\t\t\t\t\t\t\t<img decoding=\"async\" src=\"https:\/\/tinabcreation.com\/wp-content\/uploads\/elementor\/thumbs\/FB_IMG_1625433305519-q156w41n40b2xownoiqlngmd4kokll8vuyk9athg6k.jpg\" title=\"CONTACT\" alt=\"Atelier Tina B Creation Contact et coordonn\u00e9es de mon atelier\" loading=\"lazy\" \/>\t\t\t\t\t\t\t\t\t\t\t\t\t<\/div>\n\t\t\t\t<\/div>\n\t\t\t\t<div class=\"elementor-element elementor-element-a1d1a18 elementor-align-center elementor-widget elementor-widget-button\" data-id=\"a1d1a18\" data-element_type=\"widget\" data-widget_type=\"button.default\">\n\t\t\t\t<div class=\"elementor-widget-container\">\n\t\t\t\t\t\t\t<div class=\"elementor-button-wrapper\">\n\t\t\t\t\t<a class=\"elementor-button elementor-button-link elementor-size-sm\" href=\"https:\/\/www.instagram.com\/tina_b_creation\/\" target=\"_blank\">\n\t\t\t\t\t\t<span class=\"elementor-button-content-wrapper\">\n\t\t\t\t\t\t\t\t\t<span class=\"elementor-button-text\">Cliquez ici<\/span>\n\t\t\t\t\t<\/span>\n\t\t\t\t\t<\/a>\n\t\t\t\t<\/div>\n\t\t\t\t\t\t<\/div>\n\t\t\t\t<\/div>\n\t\t\t\t\t<\/div>\n\t\t<\/div>\n\t\t\t\t<div class=\"elementor-column elementor-col-50 elementor-top-column elementor-element elementor-element-3c182ff\" data-id=\"3c182ff\" data-element_type=\"column\">\n\t\t\t<div class=\"elementor-widget-wrap elementor-element-populated\">\n\t\t\t\t\t\t<div class=\"elementor-element elementor-element-cdc1078 elementor-widget elementor-widget-heading\" data-id=\"cdc1078\" data-element_type=\"widget\" data-widget_type=\"heading.default\">\n\t\t\t\t<div class=\"elementor-widget-container\">\n\t\t\t<h2 class=\"elementor-heading-title elementor-size-default\">Coordonn\u00e9es de l'atelier:<\/h2>\t\t<\/div>\n\t\t\t\t<\/div>\n\t\t\t\t<div class=\"elementor-element elementor-element-fab43a6 elementor-widget elementor-widget-text-editor\" data-id=\"fab43a6\" data-element_type=\"widget\" data-widget_type=\"text-editor.default\">\n\t\t\t\t<div class=\"elementor-widget-container\">\n\t\t\t\t\t\t\t<p><strong>\u00a0<\/strong><\/p><p><strong>Atelier Tina B Creation<\/strong><\/p><p><strong>4 rue Franklin<\/strong><\/p><p><strong>83400 Hy\u00e8res<\/strong><\/p><p><strong><span style=\"color: #ff00ff;\">T\u00e9l\u00e9phone: 0033(0)6 63 26 23 85<\/span><\/strong><\/p><p><strong>Parcours des Arts<\/strong><\/p><p><strong>France<\/strong><\/p>\t\t\t\t\t\t<\/div>\n\t\t\t\t<\/div>\n\t\t\t\t<div class=\"elementor-element elementor-element-17913fb elementor-widget elementor-widget-spacer\" data-id=\"17913fb\" data-element_type=\"widget\" data-widget_type=\"spacer.default\">\n\t\t\t\t<div class=\"elementor-widget-container\">\n\t\t\t\t\t<div class=\"elementor-spacer\">\n\t\t\t<div class=\"elementor-spacer-inner\"><\/div>\n\t\t<\/div>\n\t\t\t\t<\/div>\n\t\t\t\t<\/div>\n\t\t\t\t\t<\/div>\n\t\t<\/div>\n\t\t\t\t\t<\/div>\n\t\t<\/section>\n\t\t\t\t<section class=\"elementor-section elementor-top-section elementor-element elementor-element-d3dd3f6 elementor-section-boxed elementor-section-height-default elementor-section-height-default\" data-id=\"d3dd3f6\" data-element_type=\"section\">\n\t\t\t\t\t\t<div class=\"elementor-container elementor-column-gap-default\">\n\t\t\t\t\t<div class=\"elementor-column elementor-col-100 elementor-top-column elementor-element elementor-element-a42f633\" data-id=\"a42f633\" data-element_type=\"column\">\n\t\t\t<div class=\"elementor-widget-wrap elementor-element-populated\">\n\t\t\t\t\t\t<div class=\"elementor-element elementor-element-0b55f29 elementor-widget elementor-widget-spacer\" data-id=\"0b55f29\" data-element_type=\"widget\" data-widget_type=\"spacer.default\">\n\t\t\t\t<div class=\"elementor-widget-container\">\n\t\t\t\t\t<div class=\"elementor-spacer\">\n\t\t\t<div class=\"elementor-spacer-inner\"><\/div>\n\t\t<\/div>\n\t\t\t\t<\/div>\n\t\t\t\t<\/div>\n\t\t\t\t<div class=\"elementor-element elementor-element-0b36839 elementor-widget__width-inherit elementor-widget elementor-widget-google_maps\" data-id=\"0b36839\" data-element_type=\"widget\" data-widget_type=\"google_maps.default\">\n\t\t\t\t<div class=\"elementor-widget-container\">\n\t\t\t\t\t<div class=\"elementor-custom-embed\">\n\t\t\t<iframe loading=\"lazy\"\n\t\t\t\t\tsrc=\"https:\/\/maps.google.com\/maps?q=Tina%20B%20Creation%20Hy%C3%A8res%204%20rue%20Franklin%20France&#038;t=m&#038;z=18&#038;output=embed&#038;iwloc=near\"\n\t\t\t\t\ttitle=\"Tina B Creation Hy\u00e8res 4 rue Franklin France\"\n\t\t\t\t\taria-label=\"Tina B Creation Hy\u00e8res 4 rue Franklin France\"\n\t\t\t><\/iframe>\n\t\t<\/div>\n\t\t\t\t<\/div>\n\t\t\t\t<\/div>\n\t\t\t\t<div class=\"elementor-element elementor-element-77e169e elementor-widget elementor-widget-image\" data-id=\"77e169e\" data-element_type=\"widget\" data-widget_type=\"image.default\">\n\t\t\t\t<div class=\"elementor-widget-container\">\n\t\t\t\t\t\t\t\t\t\t\t\t\t<img decoding=\"async\" width=\"153\" height=\"121\" src=\"https:\/\/tinabcreation.com\/wp-content\/uploads\/2023\/01\/thumbnail_877B171623D049E0BCBC6ABF41F260CA.png\" class=\"attachment-large size-large wp-image-88\" alt=\"Signe pour les artisans d&#039;art\" \/>\t\t\t\t\t\t\t\t\t\t\t\t\t<\/div>\n\t\t\t\t<\/div>\n\t\t\t\t<div class=\"elementor-element elementor-element-413569a elementor-shape-rounded elementor-grid-0 e-grid-align-center elementor-invisible elementor-widget elementor-widget-social-icons\" data-id=\"413569a\" data-element_type=\"widget\" data-settings=\"{&quot;_animation&quot;:&quot;zoomIn&quot;}\" data-widget_type=\"social-icons.default\">\n\t\t\t\t<div class=\"elementor-widget-container\">\n\t\t\t\t\t<div class=\"elementor-social-icons-wrapper elementor-grid\">\n\t\t\t\t\t\t\t<span class=\"elementor-grid-item\">\n\t\t\t\t\t<a class=\"elementor-icon elementor-social-icon elementor-social-icon-facebook elementor-repeater-item-08c1008\" href=\"https:\/\/www.facebook.com\/tinab.creation\/\" target=\"_blank\">\n\t\t\t\t\t\t<span class=\"elementor-screen-only\">Facebook<\/span>\n\t\t\t\t\t\t<i class=\"fab fa-facebook\"><\/i>\t\t\t\t\t<\/a>\n\t\t\t\t<\/span>\n\t\t\t\t\t\t\t<span class=\"elementor-grid-item\">\n\t\t\t\t\t<a class=\"elementor-icon elementor-social-icon elementor-social-icon-twitter elementor-repeater-item-1b13beb\" href=\"https:\/\/twitter.com\/tina_creation\" target=\"_blank\">\n\t\t\t\t\t\t<span class=\"elementor-screen-only\">Twitter<\/span>\n\t\t\t\t\t\t<i class=\"fab fa-twitter\"><\/i>\t\t\t\t\t<\/a>\n\t\t\t\t<\/span>\n\t\t\t\t\t\t\t<span class=\"elementor-grid-item\">\n\t\t\t\t\t<a class=\"elementor-icon elementor-social-icon elementor-social-icon-linkedin elementor-repeater-item-adfae20\" target=\"_blank\">\n\t\t\t\t\t\t<span class=\"elementor-screen-only\">Linkedin<\/span>\n\t\t\t\t\t\t<i class=\"fab fa-linkedin\"><\/i>\t\t\t\t\t<\/a>\n\t\t\t\t<\/span>\n\t\t\t\t\t\t\t<span class=\"elementor-grid-item\">\n\t\t\t\t\t<a class=\"elementor-icon elementor-social-icon elementor-social-icon-instagram elementor-repeater-item-35dab43\" href=\"https:\/\/www.instagram.com\/tina_b_creation\/\" target=\"_blank\">\n\t\t\t\t\t\t<span class=\"elementor-screen-only\">Instagram<\/span>\n\t\t\t\t\t\t<i class=\"fab fa-instagram\"><\/i>\t\t\t\t\t<\/a>\n\t\t\t\t<\/span>\n\t\t\t\t\t\t\t<span class=\"elementor-grid-item\">\n\t\t\t\t\t<a class=\"elementor-icon elementor-social-icon elementor-social-icon-pinterest elementor-repeater-item-98f76b5\" href=\"https:\/\/www.pinterest.fr\/tinabcreation\/\" target=\"_blank\">\n\t\t\t\t\t\t<span class=\"elementor-screen-only\">Pinterest<\/span>\n\t\t\t\t\t\t<i class=\"fab fa-pinterest\"><\/i>\t\t\t\t\t<\/a>\n\t\t\t\t<\/span>\n\t\t\t\t\t<\/div>\n\t\t\t\t<\/div>\n\t\t\t\t<\/div>\n\t\t\t\t\t<\/div>\n\t\t<\/div>\n\t\t\t\t\t<\/div>\n\t\t<\/section>\n\t\t\t\t<section class=\"elementor-section elementor-top-section elementor-element elementor-element-2d3703c elementor-section-boxed elementor-section-height-default elementor-section-height-default\" data-id=\"2d3703c\" data-element_type=\"section\">\n\t\t\t\t\t\t<div class=\"elementor-container elementor-column-gap-default\">\n\t\t\t\t\t<div class=\"elementor-column elementor-col-100 elementor-top-column elementor-element elementor-element-e184da2\" data-id=\"e184da2\" data-element_type=\"column\">\n\t\t\t<div class=\"elementor-widget-wrap\">\n\t\t\t\t\t\t\t<\/div>\n\t\t<\/div>\n\t\t\t\t\t<\/div>\n\t\t<\/section>\n\t\t\t\t<\/div>\n\t\t","protected":false},"excerpt":{"rendered":"<p>Votre nom pr\u00e9nom Votre e-mail Votre t\u00e9l\u00e9phone Votre message (facultatif) \u0394 Cliquez ici Coordonn\u00e9es de l&#8217;atelier: &nbsp; Atelier Tina B Creation 4 rue Franklin 83400 Hy\u00e8res T\u00e9l\u00e9phone: 0033(0)6 63 26 23 85 Parcours des Arts France Facebook Twitter Linkedin Instagram Pinterest<\/p>\n","protected":false},"author":1,"featured_media":0,"parent":0,"menu_order":0,"comment_status":"closed","ping_status":"closed","template":"","meta":{"footnotes":""},"class_list":["post-1137","page","type-page","status-publish","hentry"],"yoast_head":"<!-- This site is optimized with the Yoast SEO plugin v20.1 - https:\/\/yoast.com\/wordpress\/plugins\/seo\/ -->\n<title>Contact et Coordonn\u00e9es de mon atelier - Tina B Creation<\/title>\n<meta name=\"description\" content=\"Mes clients et tous les int\u00e9ress\u00e9s peuvent m&#039;\u00e9crire par un formulaire de contact et coordonn\u00e9es de mon atelier\" \/>\n<meta name=\"robots\" content=\"index, follow, max-snippet:-1, max-image-preview:large, max-video-preview:-1\" \/>\n<link rel=\"canonical\" href=\"https:\/\/tinabcreation.com\/index.php\/contact-et-coordonnees-de-mon-atelier\/\" \/>\n<meta property=\"og:locale\" content=\"en_US\" \/>\n<meta property=\"og:type\" content=\"article\" \/>\n<meta property=\"og:title\" content=\"Contact et Coordonn\u00e9es de mon atelier - Tina B Creation\" \/>\n<meta property=\"og:description\" content=\"Mes clients et tous les int\u00e9ress\u00e9s peuvent m&#039;\u00e9crire par un formulaire de contact et coordonn\u00e9es de mon atelier\" \/>\n<meta property=\"og:url\" content=\"https:\/\/tinabcreation.com\/index.php\/contact-et-coordonnees-de-mon-atelier\/\" \/>\n<meta property=\"og:site_name\" content=\"Tina B Creation\" \/>\n<meta property=\"article:publisher\" content=\"https:\/\/www.facebook.com\/tinab.creation\/yoast\" \/>\n<meta property=\"article:modified_time\" content=\"2023-03-05T19:53:51+00:00\" \/>\n<meta property=\"og:image\" content=\"https:\/\/tinabcreation.com\/wp-content\/uploads\/elementor\/thumbs\/FB_IMG_1625433305519-q156w41n40b2xownoiqlngmd4kokll8vuyk9athg6k.jpg\" \/>\n<meta name=\"twitter:card\" content=\"summary_large_image\" \/>\n<meta name=\"twitter:label1\" content=\"Est. reading time\" \/>\n\t<meta name=\"twitter:data1\" content=\"1 minute\" \/>\n<script type=\"application\/ld+json\" class=\"yoast-schema-graph\">{\"@context\":\"https:\/\/schema.org\",\"@graph\":[{\"@type\":\"WebPage\",\"@id\":\"https:\/\/tinabcreation.com\/index.php\/contact-et-coordonnees-de-mon-atelier\/\",\"url\":\"https:\/\/tinabcreation.com\/index.php\/contact-et-coordonnees-de-mon-atelier\/\",\"name\":\"Contact et Coordonn\u00e9es de mon atelier - Tina B Creation\",\"isPartOf\":{\"@id\":\"https:\/\/tinabcreation.com\/#website\"},\"datePublished\":\"2023-02-08T09:23:01+00:00\",\"dateModified\":\"2023-03-05T19:53:51+00:00\",\"description\":\"Mes clients et tous les int\u00e9ress\u00e9s peuvent m'\u00e9crire par un formulaire de contact et coordonn\u00e9es de mon atelier\",\"breadcrumb\":{\"@id\":\"https:\/\/tinabcreation.com\/index.php\/contact-et-coordonnees-de-mon-atelier\/#breadcrumb\"},\"inLanguage\":\"en-US\",\"potentialAction\":[{\"@type\":\"ReadAction\",\"target\":[\"https:\/\/tinabcreation.com\/index.php\/contact-et-coordonnees-de-mon-atelier\/\"]}]},{\"@type\":\"BreadcrumbList\",\"@id\":\"https:\/\/tinabcreation.com\/index.php\/contact-et-coordonnees-de-mon-atelier\/#breadcrumb\",\"itemListElement\":[{\"@type\":\"ListItem\",\"position\":1,\"name\":\"Accueil\",\"item\":\"https:\/\/tinabcreation.com\/\"},{\"@type\":\"ListItem\",\"position\":2,\"name\":\"Contact\"}]},{\"@type\":\"WebSite\",\"@id\":\"https:\/\/tinabcreation.com\/#website\",\"url\":\"https:\/\/tinabcreation.com\/\",\"name\":\"Tina B Creation\",\"description\":\"&quot;La douceur est la pl\u00e9nitude de la force.&quot;\",\"publisher\":{\"@id\":\"https:\/\/tinabcreation.com\/#organization\"},\"potentialAction\":[{\"@type\":\"SearchAction\",\"target\":{\"@type\":\"EntryPoint\",\"urlTemplate\":\"https:\/\/tinabcreation.com\/?s={search_term_string}\"},\"query-input\":\"required name=search_term_string\"}],\"inLanguage\":\"en-US\"},{\"@type\":\"Organization\",\"@id\":\"https:\/\/tinabcreation.com\/#organization\",\"name\":\"Tina B Creation\",\"url\":\"https:\/\/tinabcreation.com\/\",\"logo\":{\"@type\":\"ImageObject\",\"inLanguage\":\"en-US\",\"@id\":\"https:\/\/tinabcreation.com\/#\/schema\/logo\/image\/\",\"url\":\"https:\/\/tinabcreation.com\/wp-content\/uploads\/2023\/01\/cropped-LOGO-1080-\u00d7-1080-px.jpg\",\"contentUrl\":\"https:\/\/tinabcreation.com\/wp-content\/uploads\/2023\/01\/cropped-LOGO-1080-\u00d7-1080-px.jpg\",\"width\":1080,\"height\":1080,\"caption\":\" Tina B Creation\"},\"image\":{\"@id\":\"https:\/\/tinabcreation.com\/#\/schema\/logo\/image\/\"},\"sameAs\":[\"https:\/\/www.facebook.com\/tinab.creation\/yoast\",\"https:\/\/www.linkedin.com\/in\/uchristinabaethge\/yoast\",\"https:\/\/www.pinterest.fr\/tinabcreation\/yoast\"]}]}<\/script>\n<!-- \/ Yoast SEO plugin. -->","yoast_head_json":{"title":"Contact et Coordonn\u00e9es de mon atelier - Tina B Creation","description":"Mes clients et tous les int\u00e9ress\u00e9s peuvent m'\u00e9crire par un formulaire de contact et coordonn\u00e9es de mon atelier","robots":{"index":"index","follow":"follow","max-snippet":"max-snippet:-1","max-image-preview":"max-image-preview:large","max-video-preview":"max-video-preview:-1"},"canonical":"https:\/\/tinabcreation.com\/index.php\/contact-et-coordonnees-de-mon-atelier\/","og_locale":"en_US","og_type":"article","og_title":"Contact et Coordonn\u00e9es de mon atelier - Tina B Creation","og_description":"Mes clients et tous les int\u00e9ress\u00e9s peuvent m'\u00e9crire par un formulaire de contact et coordonn\u00e9es de mon atelier","og_url":"https:\/\/tinabcreation.com\/index.php\/contact-et-coordonnees-de-mon-atelier\/","og_site_name":"Tina B Creation","article_publisher":"https:\/\/www.facebook.com\/tinab.creation\/yoast","article_modified_time":"2023-03-05T19:53:51+00:00","og_image":[{"url":"https:\/\/tinabcreation.com\/wp-content\/uploads\/elementor\/thumbs\/FB_IMG_1625433305519-q156w41n40b2xownoiqlngmd4kokll8vuyk9athg6k.jpg"}],"twitter_card":"summary_large_image","twitter_misc":{"Est. reading time":"1 minute"},"schema":{"@context":"https:\/\/schema.org","@graph":[{"@type":"WebPage","@id":"https:\/\/tinabcreation.com\/index.php\/contact-et-coordonnees-de-mon-atelier\/","url":"https:\/\/tinabcreation.com\/index.php\/contact-et-coordonnees-de-mon-atelier\/","name":"Contact et Coordonn\u00e9es de mon atelier - Tina B Creation","isPartOf":{"@id":"https:\/\/tinabcreation.com\/#website"},"datePublished":"2023-02-08T09:23:01+00:00","dateModified":"2023-03-05T19:53:51+00:00","description":"Mes clients et tous les int\u00e9ress\u00e9s peuvent m'\u00e9crire par un formulaire de contact et coordonn\u00e9es de mon atelier","breadcrumb":{"@id":"https:\/\/tinabcreation.com\/index.php\/contact-et-coordonnees-de-mon-atelier\/#breadcrumb"},"inLanguage":"en-US","potentialAction":[{"@type":"ReadAction","target":["https:\/\/tinabcreation.com\/index.php\/contact-et-coordonnees-de-mon-atelier\/"]}]},{"@type":"BreadcrumbList","@id":"https:\/\/tinabcreation.com\/index.php\/contact-et-coordonnees-de-mon-atelier\/#breadcrumb","itemListElement":[{"@type":"ListItem","position":1,"name":"Accueil","item":"https:\/\/tinabcreation.com\/"},{"@type":"ListItem","position":2,"name":"Contact"}]},{"@type":"WebSite","@id":"https:\/\/tinabcreation.com\/#website","url":"https:\/\/tinabcreation.com\/","name":"Tina B Creation","description":"&quot;La douceur est la pl\u00e9nitude de la force.&quot;","publisher":{"@id":"https:\/\/tinabcreation.com\/#organization"},"potentialAction":[{"@type":"SearchAction","target":{"@type":"EntryPoint","urlTemplate":"https:\/\/tinabcreation.com\/?s={search_term_string}"},"query-input":"required name=search_term_string"}],"inLanguage":"en-US"},{"@type":"Organization","@id":"https:\/\/tinabcreation.com\/#organization","name":"Tina B Creation","url":"https:\/\/tinabcreation.com\/","logo":{"@type":"ImageObject","inLanguage":"en-US","@id":"https:\/\/tinabcreation.com\/#\/schema\/logo\/image\/","url":"https:\/\/tinabcreation.com\/wp-content\/uploads\/2023\/01\/cropped-LOGO-1080-\u00d7-1080-px.jpg","contentUrl":"https:\/\/tinabcreation.com\/wp-content\/uploads\/2023\/01\/cropped-LOGO-1080-\u00d7-1080-px.jpg","width":1080,"height":1080,"caption":" Tina B Creation"},"image":{"@id":"https:\/\/tinabcreation.com\/#\/schema\/logo\/image\/"},"sameAs":["https:\/\/www.facebook.com\/tinab.creation\/yoast","https:\/\/www.linkedin.com\/in\/uchristinabaethge\/yoast","https:\/\/www.pinterest.fr\/tinabcreation\/yoast"]}]}},"_links":{"self":[{"href":"https:\/\/tinabcreation.com\/index.php\/wp-json\/wp\/v2\/pages\/1137","targetHints":{"allow":["GET"]}}],"collection":[{"href":"https:\/\/tinabcreation.com\/index.php\/wp-json\/wp\/v2\/pages"}],"about":[{"href":"https:\/\/tinabcreation.com\/index.php\/wp-json\/wp\/v2\/types\/page"}],"author":[{"embeddable":true,"href":"https:\/\/tinabcreation.com\/index.php\/wp-json\/wp\/v2\/users\/1"}],"replies":[{"embeddable":true,"href":"https:\/\/tinabcreation.com\/index.php\/wp-json\/wp\/v2\/comments?post=1137"}],"version-history":[{"count":49,"href":"https:\/\/tinabcreation.com\/index.php\/wp-json\/wp\/v2\/pages\/1137\/revisions"}],"predecessor-version":[{"id":2376,"href":"https:\/\/tinabcreation.com\/index.php\/wp-json\/wp\/v2\/pages\/1137\/revisions\/2376"}],"wp:attachment":[{"href":"https:\/\/tinabcreation.com\/index.php\/wp-json\/wp\/v2\/media?parent=1137"}],"curies":[{"name":"wp","href":"https:\/\/api.w.org\/{rel}","templated":true}]}}